{"id":68,"date":"2019-10-10T11:17:36","date_gmt":"2019-10-10T11:17:36","guid":{"rendered":"http:\/\/cohersanz.com\/getafe\/?page_id=68"},"modified":"2025-03-13T12:32:42","modified_gmt":"2025-03-13T12:32:42","slug":"contacto","status":"publish","type":"page","link":"https:\/\/cohersanz.com\/getafe\/index.php\/contacto\/","title":{"rendered":"Contacto"},"content":{"rendered":"<p>[et_pb_section fb_built=\u00bb1&#8243; admin_label=\u00bbHeader\u00bb _builder_version=\u00bb4.16&#8243; use_background_color_gradient=\u00bbon\u00bb background_color_gradient_direction=\u00bb147deg\u00bb background_color_gradient_stops=\u00bb#008a1c 0%|#a0cf00 100%\u00bb background_color_gradient_start=\u00bb#008a1c\u00bb background_color_gradient_end=\u00bb#a0cf00&#8243; background_image=\u00bbhttps:\/\/cohersanz.com\/getafe\/wp-content\/uploads\/2019\/10\/isp-05.png\u00bb parallax=\u00bbon\u00bb max_width=\u00bb90%\u00bb max_width_tablet=\u00bb\u00bb max_width_phone=\u00bb\u00bb max_width_last_edited=\u00bbon|desktop\u00bb module_alignment=\u00bbcenter\u00bb custom_margin=\u00bb5vw||0px||false|false\u00bb custom_padding=\u00bb2vw||0vw||false|false\u00bb bottom_divider_style=\u00bbwave2&#8243; bottom_divider_color=\u00bb#ffffff\u00bb bottom_divider_height=\u00bb10vw\u00bb bottom_divider_repeat=\u00bb0.7x\u00bb animation_style=\u00bbslide\u00bb animation_direction=\u00bbbottom\u00bb animation_intensity_slide=\u00bb1%\u00bb border_radii=\u00bbon|30px|30px|30px|30px\u00bb global_colors_info=\u00bb{}\u00bb][et_pb_row module_class=\u00bb et_pb_row_fullwidth\u00bb _builder_version=\u00bb4.16&#8243; width=\u00bb89%\u00bb width_tablet=\u00bb80%\u00bb width_phone=\u00bb\u00bb width_last_edited=\u00bbon|desktop\u00bb max_width=\u00bb89%\u00bb max_width_tablet=\u00bb80%\u00bb max_width_phone=\u00bb\u00bb max_width_last_edited=\u00bbon|desktop\u00bb animation_style=\u00bbslide\u00bb animation_direction=\u00bbleft\u00bb animation_intensity_slide=\u00bb10%\u00bb make_fullwidth=\u00bbon\u00bb global_colors_info=\u00bb{}\u00bb][et_pb_column type=\u00bb4_4&#8243; _builder_version=\u00bb4.16&#8243; custom_padding=\u00bb|||\u00bb global_colors_info=\u00bb{}\u00bb custom_padding__hover=\u00bb|||\u00bb][et_pb_text _builder_version=\u00bb4.16&#8243; text_font=\u00bb||||||||\u00bb header_font=\u00bbPoppins|900|on|on|||||\u00bb header_font_size=\u00bb6vw\u00bb header_letter_spacing=\u00bb0.1em\u00bb header_line_height=\u00bb1.2em\u00bb header_2_font=\u00bbPoppins|900|on|on|||||\u00bb header_2_text_color=\u00bbrgba(255,255,255,0.7)\u00bb header_2_font_size=\u00bb2vw\u00bb header_2_letter_spacing=\u00bb0.5em\u00bb header_2_line_height=\u00bb1.4em\u00bb text_orientation=\u00bbcenter\u00bb background_layout=\u00bbdark\u00bb header_font_size_tablet=\u00bb50px\u00bb header_font_size_phone=\u00bb30px\u00bb header_font_size_last_edited=\u00bbon|phone\u00bb header_2_font_size_tablet=\u00bb30px\u00bb header_2_font_size_phone=\u00bb20px\u00bb header_2_font_size_last_edited=\u00bbon|phone\u00bb header_text_shadow_style=\u00bbpreset1&#8243; header_text_shadow_vertical_length=\u00bb0.3em\u00bb header_text_shadow_blur_strength=\u00bb0.5em\u00bb header_text_shadow_color=\u00bbrgba(0,0,0,0.15)\u00bb global_colors_info=\u00bb{}\u00bb header_3_font_size__hover=\u00bb22px\u00bb header_3_font_size__hover_enabled=\u00bb22px\u00bb header_3_letter_spacing__hover=\u00bb0px\u00bb header_3_letter_spacing__hover_enabled=\u00bb0px\u00bb header_3_line_height__hover=\u00bb1em\u00bb header_3_line_height__hover_enabled=\u00bb1em\u00bb header_3_text_shadow_style__hover=\u00bbnone\u00bb header_3_text_shadow_style__hover_enabled=\u00bbnone\u00bb header_3_text_shadow_color__hover=\u00bbrgba(0,0,0,0.4)\u00bb header_3_text_shadow_color__hover_enabled=\u00bbrgba(0,0,0,0.4)\u00bb header_4_font_size__hover=\u00bb18px\u00bb header_4_font_size__hover_enabled=\u00bb18px\u00bb header_4_letter_spacing__hover=\u00bb0px\u00bb header_4_letter_spacing__hover_enabled=\u00bb0px\u00bb header_4_line_height__hover=\u00bb1em\u00bb header_4_line_height__hover_enabled=\u00bb1em\u00bb header_4_text_shadow_style__hover=\u00bbnone\u00bb header_4_text_shadow_style__hover_enabled=\u00bbnone\u00bb header_4_text_shadow_color__hover=\u00bbrgba(0,0,0,0.4)\u00bb header_4_text_shadow_color__hover_enabled=\u00bbrgba(0,0,0,0.4)\u00bb header_5_font_size__hover=\u00bb16px\u00bb header_5_font_size__hover_enabled=\u00bb16px\u00bb header_5_letter_spacing__hover=\u00bb0px\u00bb header_5_letter_spacing__hover_enabled=\u00bb0px\u00bb header_5_line_height__hover=\u00bb1em\u00bb header_5_line_height__hover_enabled=\u00bb1em\u00bb header_5_text_shadow_style__hover=\u00bbnone\u00bb header_5_text_shadow_style__hover_enabled=\u00bbnone\u00bb header_5_text_shadow_color__hover=\u00bbrgba(0,0,0,0.4)\u00bb header_5_text_shadow_color__hover_enabled=\u00bbrgba(0,0,0,0.4)\u00bb header_6_font_size__hover=\u00bb14px\u00bb header_6_font_size__hover_enabled=\u00bb14px\u00bb header_6_letter_spacing__hover=\u00bb0px\u00bb header_6_letter_spacing__hover_enabled=\u00bb0px\u00bb header_6_line_height__hover=\u00bb1em\u00bb header_6_line_height__hover_enabled=\u00bb1em\u00bb header_6_text_shadow_style__hover=\u00bbnone\u00bb header_6_text_shadow_style__hover_enabled=\u00bbnone\u00bb header_6_text_shadow_color__hover=\u00bbrgba(0,0,0,0.4)\u00bb header_6_text_shadow_color__hover_enabled=\u00bbrgba(0,0,0,0.4)\u00bb]<\/p>\n<h1>contactanos\u00a0<\/h1>\n<h2><span color=\"rgba(0, 0, 0, 0.701960784313725)\" style=\"color: rgba(0, 0, 0, 0.7);\">687 879 794- 91 326 9296<\/span><\/h2>\n<p><span color=\"rgba(0, 0, 0, 0.701960784313725)\" style=\"color: rgba(0, 0, 0, 0.7);\"><\/span><\/p>\n<p>[\/et_pb_text][et_pb_code _builder_version=\u00bb4.16&#8243; global_colors_info=\u00bb{}\u00bb][\/et_pb_code][\/et_pb_column][\/et_pb_row][et_pb_row column_structure=\u00bb3_4,1_4&#8243; module_class=\u00bb et_pb_row_fullwidth\u00bb _builder_version=\u00bb4.16&#8243; width=\u00bb89%\u00bb width_tablet=\u00bb80%\u00bb width_phone=\u00bb\u00bb width_last_edited=\u00bbon|desktop\u00bb max_width=\u00bb89%\u00bb max_width_tablet=\u00bb80%\u00bb max_width_phone=\u00bb\u00bb max_width_last_edited=\u00bbon|desktop\u00bb animation_style=\u00bbslide\u00bb animation_direction=\u00bbleft\u00bb animation_intensity_slide=\u00bb10%\u00bb make_fullwidth=\u00bbon\u00bb global_colors_info=\u00bb{}\u00bb][et_pb_column type=\u00bb3_4&#8243; _builder_version=\u00bb4.16&#8243; custom_padding=\u00bb|||\u00bb global_colors_info=\u00bb{}\u00bb custom_padding__hover=\u00bb|||\u00bb][et_pb_contact_form email=\u00bbalquileres@cohersanz.com\u00bb custom_message=\u00bbGetafe &#8211; El Casar\u00bb use_redirect=\u00bbon\u00bb redirect_url=\u00bbindex.php\/gracias\u00bb _builder_version=\u00bb4.27.4&#8243; _unique_id=\u00bb158d6424-21a2-4d08-9829-b4c1ad755f12&#8243; custom_button=\u00bbon\u00bb button_bg_color=\u00bb#ffffff\u00bb hover_enabled=\u00bb0&#8243; global_colors_info=\u00bb{}\u00bb button_text_color=\u00bb#7CDA24&#8243; button_border_radius=\u00bb9px\u00bb sticky_enabled=\u00bb0&#8243;][et_pb_contact_field field_id=\u00bbName\u00bb field_title=\u00bbNombre\u00bb _builder_version=\u00bb4.16&#8243; global_colors_info=\u00bb{}\u00bb button_text_size__hover_enabled=\u00bboff\u00bb button_one_text_size__hover_enabled=\u00bboff\u00bb button_two_text_size__hover_enabled=\u00bboff\u00bb button_text_color__hover_enabled=\u00bboff\u00bb button_one_text_color__hover_enabled=\u00bboff\u00bb button_two_text_color__hover_enabled=\u00bboff\u00bb button_border_width__hover_enabled=\u00bboff\u00bb button_one_border_width__hover_enabled=\u00bboff\u00bb button_two_border_width__hover_enabled=\u00bboff\u00bb button_border_color__hover_enabled=\u00bboff\u00bb button_one_border_color__hover_enabled=\u00bboff\u00bb button_two_border_color__hover_enabled=\u00bboff\u00bb button_border_radius__hover_enabled=\u00bboff\u00bb button_one_border_radius__hover_enabled=\u00bboff\u00bb button_two_border_radius__hover_enabled=\u00bboff\u00bb button_letter_spacing__hover_enabled=\u00bboff\u00bb button_one_letter_spacing__hover_enabled=\u00bboff\u00bb button_two_letter_spacing__hover_enabled=\u00bboff\u00bb button_bg_color__hover_enabled=\u00bboff\u00bb button_one_bg_color__hover_enabled=\u00bboff\u00bb button_two_bg_color__hover_enabled=\u00bboff\u00bb][\/et_pb_contact_field][et_pb_contact_field field_id=\u00bbEmail\u00bb field_title=\u00bbDirecci\u00f3n de correo electr\u00f3nico\u00bb field_type=\u00bbemail\u00bb _builder_version=\u00bb4.16&#8243; global_colors_info=\u00bb{}\u00bb button_text_size__hover_enabled=\u00bboff\u00bb button_one_text_size__hover_enabled=\u00bboff\u00bb button_two_text_size__hover_enabled=\u00bboff\u00bb button_text_color__hover_enabled=\u00bboff\u00bb button_one_text_color__hover_enabled=\u00bboff\u00bb button_two_text_color__hover_enabled=\u00bboff\u00bb button_border_width__hover_enabled=\u00bboff\u00bb button_one_border_width__hover_enabled=\u00bboff\u00bb button_two_border_width__hover_enabled=\u00bboff\u00bb button_border_color__hover_enabled=\u00bboff\u00bb button_one_border_color__hover_enabled=\u00bboff\u00bb button_two_border_color__hover_enabled=\u00bboff\u00bb button_border_radius__hover_enabled=\u00bboff\u00bb button_one_border_radius__hover_enabled=\u00bboff\u00bb button_two_border_radius__hover_enabled=\u00bboff\u00bb button_letter_spacing__hover_enabled=\u00bboff\u00bb button_one_letter_spacing__hover_enabled=\u00bboff\u00bb button_two_letter_spacing__hover_enabled=\u00bboff\u00bb button_bg_color__hover_enabled=\u00bboff\u00bb button_one_bg_color__hover_enabled=\u00bboff\u00bb button_two_bg_color__hover_enabled=\u00bboff\u00bb][\/et_pb_contact_field][et_pb_contact_field field_id=\u00bbMessage\u00bb field_title=\u00bbMensaje\u00bb field_type=\u00bbtext\u00bb fullwidth_field=\u00bbon\u00bb _builder_version=\u00bb4.16&#8243; global_colors_info=\u00bb{}\u00bb button_text_size__hover_enabled=\u00bboff\u00bb button_one_text_size__hover_enabled=\u00bboff\u00bb button_two_text_size__hover_enabled=\u00bboff\u00bb button_text_color__hover_enabled=\u00bboff\u00bb button_one_text_color__hover_enabled=\u00bboff\u00bb button_two_text_color__hover_enabled=\u00bboff\u00bb button_border_width__hover_enabled=\u00bboff\u00bb button_one_border_width__hover_enabled=\u00bboff\u00bb button_two_border_width__hover_enabled=\u00bboff\u00bb button_border_color__hover_enabled=\u00bboff\u00bb button_one_border_color__hover_enabled=\u00bboff\u00bb button_two_border_color__hover_enabled=\u00bboff\u00bb button_border_radius__hover_enabled=\u00bboff\u00bb button_one_border_radius__hover_enabled=\u00bboff\u00bb button_two_border_radius__hover_enabled=\u00bboff\u00bb button_letter_spacing__hover_enabled=\u00bboff\u00bb button_one_letter_spacing__hover_enabled=\u00bboff\u00bb button_two_letter_spacing__hover_enabled=\u00bboff\u00bb button_bg_color__hover_enabled=\u00bboff\u00bb button_one_bg_color__hover_enabled=\u00bboff\u00bb button_two_bg_color__hover_enabled=\u00bboff\u00bb][\/et_pb_contact_field][et_pb_contact_field field_id=\u00bbaceptacion\u00bb field_title=\u00bb.\u00bb field_type=\u00bbcheckbox\u00bb checkbox_options=\u00bb%91{%22value%22:%22%22,%22checked%22:0,%22dragID%22:-1,%22link_url%22:%22https:\/\/cohersanz.com\/getafe\/index.php\/politica-de-privacidad\/%22,%22link_text%22:%22He le\u00eddo y acepto la pol\u00edtica de privacidad%22}%93&#8243; fullwidth_field=\u00bbon\u00bb _builder_version=\u00bb4.16&#8243; link_option_url_new_window=\u00bbon\u00bb global_colors_info=\u00bb{}\u00bb][\/et_pb_contact_field][\/et_pb_contact_form][et_pb_code _builder_version=\u00bb4.16&#8243; global_colors_info=\u00bb{}\u00bb][\/et_pb_code][\/et_pb_column][et_pb_column type=\u00bb1_4&#8243; _builder_version=\u00bb4.16&#8243; custom_padding=\u00bb|||\u00bb global_colors_info=\u00bb{}\u00bb custom_padding__hover=\u00bb|||\u00bb][et_pb_text _builder_version=\u00bb4.16&#8243; global_colors_info=\u00bb{}\u00bb]<\/p>\n<p><span>\n<div class=\"argpd-informar\">\n\t<p class=\"argpd-informar-title\">Informaci\u00f3n b\u00e1sica sobre protecci\u00f3n de datos <span class=\"argpd-mas\">Ver m\u00e1s<\/span><\/p>\n\t<ul>\n\t\t<li>\n\t\t\t<b>Responsable:<\/b>&nbsp;Construcciones Hermanos Sanz S.A..\n\t\t<\/li>\n\t\t<li><b>Finalidad:<\/b>&nbsp;\n\t\t\t\n\t\t\t\t Responder las consultas. \n\t\t\t\t\n\t\t<\/li>\n\t\t<li><b>Legitimaci\u00f3n:<\/b>&nbsp;\n\t\t\t\n\t\t\t\tPor consentimiento del interesado.<\/li>\n\n\t\t<li><b>Destinatarios y encargados de tratamiento:<\/b>&nbsp;\n\n\t\t\t\tNo se ceden o comunican datos a terceros para prestar este servicio.\n\t\t<\/li>\n\t\t<li>\n\t\t\t<b>Derechos:<\/b>&nbsp;Acceder, rectificar y suprimir los datos.\n\t\t<\/li>\n\t<\/ul>\n<\/div>\n<\/span><\/p>\n<p>[\/et_pb_text][\/et_pb_column][\/et_pb_row][et_pb_row disabled_on=\u00bbon|on|off\u00bb _builder_version=\u00bb4.16&#8243; width=\u00bb89%\u00bb max_width=\u00bb1402px\u00bb min_height=\u00bb413px\u00bb custom_margin=\u00bb|auto|-132px|auto||\u00bb global_colors_info=\u00bb{}\u00bb][et_pb_column type=\u00bb4_4&#8243; _builder_version=\u00bb4.16&#8243; global_colors_info=\u00bb{}\u00bb][et_pb_code disabled_on=\u00bbon|on|off\u00bb _builder_version=\u00bb4.16&#8243; custom_padding=\u00bb0px|||||\u00bb global_colors_info=\u00bb{}\u00bb]<\/p>\n<div class=\"mapouter\">\n<div class=\"gmap_canvas\"><iframe loading=\"lazy\" width=\"1400\" height=\"400\" id=\"gmap_canvas\" src=\"https:\/\/maps.google.com\/maps?q=calle%20Se%C3%B1ora%20cornelia%20esquina%20paseo%20licenciado%20vidriera&#038;t=&#038;z=13&#038;ie=UTF8&#038;iwloc=&#038;output=embed\" frameborder=\"0\" scrolling=\"no\" marginheight=\"0\" marginwidth=\"0\"><\/iframe><a href=\"https:\/\/www.utilitysavingexpert.com\">Utility Saving Expert<\/a><\/div>\n<style>.mapouter{position:relative;text-align:right;height:400px;width:1400px;}.gmap_canvas {overflow:hidden;background:none!important;height:400px;width:1400px;}<\/style>\n<\/div>\n<p>[\/et_pb_code][\/et_pb_column][\/et_pb_row][\/et_pb_section][et_pb_section fb_built=\u00bb1&#8243; _builder_version=\u00bb4.16&#8243; global_colors_info=\u00bb{}\u00bb][et_pb_row _builder_version=\u00bb4.16&#8243; global_colors_info=\u00bb{}\u00bb][et_pb_column type=\u00bb4_4&#8243; _builder_version=\u00bb4.16&#8243; global_colors_info=\u00bb{}\u00bb][et_pb_text _builder_version=\u00bb4.16&#8243; global_colors_info=\u00bb{}\u00bb][\/et_pb_text][\/et_pb_column][\/et_pb_row][\/et_pb_section]<\/p>\n","protected":false},"excerpt":{"rendered":"<p>contactanos\u00a0 687 879 794- 91 326 9296 \n<div class=\"argpd-informar\">\n\t<p class=\"argpd-informar-title\">Informaci\u00f3n b\u00e1sica sobre protecci\u00f3n de datos <span class=\"argpd-mas\">Ver m\u00e1s<\/span><\/p>\n\t<ul>\n\t\t<li>\n\t\t\t<b>Responsable:<\/b>&nbsp;Construcciones Hermanos Sanz S.A..\n\t\t<\/li>\n\t\t<li><b>Finalidad:<\/b>&nbsp;\n\t\t\t\n\t\t\t\t Responder las consultas. \n\t\t\t\t\n\t\t<\/li>\n\t\t<li><b>Legitimaci\u00f3n:<\/b>&nbsp;\n\t\t\t\n\t\t\t\tPor consentimiento del interesado.<\/li>\n\n\t\t<li><b>Destinatarios y encargados de tratamiento:<\/b>&nbsp;\n\n\t\t\t\tNo se ceden o comunican datos a terceros para prestar este servicio.\n\t\t<\/li>\n\t\t<li>\n\t\t\t<b>Derechos:<\/b>&nbsp;Acceder, rectificar y suprimir los datos.\n\t\t<\/li>\n\t<\/ul>\n<\/div>\n<\/p>\n","protected":false},"author":1,"featured_media":0,"parent":0,"menu_order":0,"comment_status":"closed","ping_status":"closed","template":"","meta":{"_et_pb_use_builder":"on","_et_pb_old_content":"","_et_gb_content_width":"","footnotes":""},"class_list":["post-68","page","type-page","status-publish","hentry"],"_links":{"self":[{"href":"https:\/\/cohersanz.com\/getafe\/index.php\/wp-json\/wp\/v2\/pages\/68","targetHints":{"allow":["GET"]}}],"collection":[{"href":"https:\/\/cohersanz.com\/getafe\/index.php\/wp-json\/wp\/v2\/pages"}],"about":[{"href":"https:\/\/cohersanz.com\/getafe\/index.php\/wp-json\/wp\/v2\/types\/page"}],"author":[{"embeddable":true,"href":"https:\/\/cohersanz.com\/getafe\/index.php\/wp-json\/wp\/v2\/users\/1"}],"replies":[{"embeddable":true,"href":"https:\/\/cohersanz.com\/getafe\/index.php\/wp-json\/wp\/v2\/comments?post=68"}],"version-history":[{"count":19,"href":"https:\/\/cohersanz.com\/getafe\/index.php\/wp-json\/wp\/v2\/pages\/68\/revisions"}],"predecessor-version":[{"id":311,"href":"https:\/\/cohersanz.com\/getafe\/index.php\/wp-json\/wp\/v2\/pages\/68\/revisions\/311"}],"wp:attachment":[{"href":"https:\/\/cohersanz.com\/getafe\/index.php\/wp-json\/wp\/v2\/media?parent=68"}],"curies":[{"name":"wp","href":"https:\/\/api.w.org\/{rel}","templated":true}]}}