{"id":287,"date":"2024-06-19T13:54:00","date_gmt":"2024-06-19T13:54:00","guid":{"rendered":"https:\/\/cohersanz.com\/getafe\/?page_id=287"},"modified":"2024-06-19T14:08:57","modified_gmt":"2024-06-19T14:08:57","slug":"287-2","status":"publish","type":"page","link":"https:\/\/cohersanz.com\/getafe\/index.php\/287-2\/","title":{"rendered":"Viviendas adaptadas"},"content":{"rendered":"<p>[et_pb_section fb_built=\u00bb1&#8243; admin_label=\u00bbHeader\u00bb _builder_version=\u00bb4.16&#8243; use_background_color_gradient=\u00bbon\u00bb background_color_gradient_direction=\u00bb147deg\u00bb background_color_gradient_stops=\u00bb#008a1c 0%|#a0cf00 100%\u00bb background_color_gradient_start=\u00bb#008a1c\u00bb background_color_gradient_end=\u00bb#a0cf00&#8243; background_image=\u00bbhttps:\/\/cohersanz.com\/getafe\/wp-content\/uploads\/2019\/10\/isp-05.png\u00bb parallax=\u00bbon\u00bb max_width=\u00bb90%\u00bb max_width_tablet=\u00bb\u00bb max_width_phone=\u00bb\u00bb max_width_last_edited=\u00bbon|desktop\u00bb module_alignment=\u00bbcenter\u00bb custom_margin=\u00bb5vw||||false\u00bb custom_padding=\u00bb6vw||10vw||false|false\u00bb bottom_divider_style=\u00bbwave2&#8243; bottom_divider_color=\u00bb#ffffff\u00bb bottom_divider_height=\u00bb10vw\u00bb bottom_divider_repeat=\u00bb0.7x\u00bb animation_style=\u00bbslide\u00bb animation_direction=\u00bbbottom\u00bb animation_intensity_slide=\u00bb1%\u00bb border_radii=\u00bbon|30px|30px|30px|30px\u00bb global_colors_info=\u00bb{}\u00bb][et_pb_row module_class=\u00bb et_pb_row_fullwidth\u00bb _builder_version=\u00bb4.16&#8243; width=\u00bb89%\u00bb width_tablet=\u00bb80%\u00bb width_phone=\u00bb\u00bb width_last_edited=\u00bbon|desktop\u00bb max_width=\u00bb89%\u00bb max_width_tablet=\u00bb80%\u00bb max_width_phone=\u00bb\u00bb max_width_last_edited=\u00bbon|desktop\u00bb animation_style=\u00bbslide\u00bb animation_direction=\u00bbleft\u00bb animation_intensity_slide=\u00bb10%\u00bb make_fullwidth=\u00bbon\u00bb global_colors_info=\u00bb{}\u00bb][et_pb_column type=\u00bb4_4&#8243; _builder_version=\u00bb4.16&#8243; custom_padding=\u00bb|||\u00bb global_colors_info=\u00bb{}\u00bb custom_padding__hover=\u00bb|||\u00bb][et_pb_text _builder_version=\u00bb4.16&#8243; text_font=\u00bb||||||||\u00bb header_font=\u00bbPoppins|900|on|on|||||\u00bb header_font_size=\u00bb6vw\u00bb header_letter_spacing=\u00bb0.1em\u00bb header_line_height=\u00bb1.2em\u00bb header_2_font=\u00bbPoppins|900|on|on|||||\u00bb header_2_text_color=\u00bbrgba(255,255,255,0.7)\u00bb header_2_font_size=\u00bb2vw\u00bb header_2_letter_spacing=\u00bb0.5em\u00bb header_2_line_height=\u00bb1.4em\u00bb text_orientation=\u00bbcenter\u00bb background_layout=\u00bbdark\u00bb header_font_size_tablet=\u00bb50px\u00bb header_font_size_phone=\u00bb30px\u00bb header_font_size_last_edited=\u00bbon|phone\u00bb header_2_font_size_tablet=\u00bb30px\u00bb header_2_font_size_phone=\u00bb20px\u00bb header_2_font_size_last_edited=\u00bbon|phone\u00bb header_text_shadow_style=\u00bbpreset1&#8243; header_text_shadow_vertical_length=\u00bb0.3em\u00bb header_text_shadow_blur_strength=\u00bb0.5em\u00bb header_text_shadow_color=\u00bbrgba(0,0,0,0.15)\u00bb global_colors_info=\u00bb{}\u00bb header_3_font_size__hover=\u00bb22px\u00bb header_3_font_size__hover_enabled=\u00bb22px\u00bb header_3_letter_spacing__hover=\u00bb0px\u00bb header_3_letter_spacing__hover_enabled=\u00bb0px\u00bb header_3_line_height__hover=\u00bb1em\u00bb header_3_line_height__hover_enabled=\u00bb1em\u00bb header_3_text_shadow_style__hover=\u00bbnone\u00bb header_3_text_shadow_style__hover_enabled=\u00bbnone\u00bb header_3_text_shadow_color__hover=\u00bbrgba(0,0,0,0.4)\u00bb header_3_text_shadow_color__hover_enabled=\u00bbrgba(0,0,0,0.4)\u00bb header_4_font_size__hover=\u00bb18px\u00bb header_4_font_size__hover_enabled=\u00bb18px\u00bb header_4_letter_spacing__hover=\u00bb0px\u00bb header_4_letter_spacing__hover_enabled=\u00bb0px\u00bb header_4_line_height__hover=\u00bb1em\u00bb header_4_line_height__hover_enabled=\u00bb1em\u00bb header_4_text_shadow_style__hover=\u00bbnone\u00bb header_4_text_shadow_style__hover_enabled=\u00bbnone\u00bb header_4_text_shadow_color__hover=\u00bbrgba(0,0,0,0.4)\u00bb header_4_text_shadow_color__hover_enabled=\u00bbrgba(0,0,0,0.4)\u00bb header_5_font_size__hover=\u00bb16px\u00bb header_5_font_size__hover_enabled=\u00bb16px\u00bb header_5_letter_spacing__hover=\u00bb0px\u00bb header_5_letter_spacing__hover_enabled=\u00bb0px\u00bb header_5_line_height__hover=\u00bb1em\u00bb header_5_line_height__hover_enabled=\u00bb1em\u00bb header_5_text_shadow_style__hover=\u00bbnone\u00bb header_5_text_shadow_style__hover_enabled=\u00bbnone\u00bb header_5_text_shadow_color__hover=\u00bbrgba(0,0,0,0.4)\u00bb header_5_text_shadow_color__hover_enabled=\u00bbrgba(0,0,0,0.4)\u00bb header_6_font_size__hover=\u00bb14px\u00bb header_6_font_size__hover_enabled=\u00bb14px\u00bb header_6_letter_spacing__hover=\u00bb0px\u00bb header_6_letter_spacing__hover_enabled=\u00bb0px\u00bb header_6_line_height__hover=\u00bb1em\u00bb header_6_line_height__hover_enabled=\u00bb1em\u00bb header_6_text_shadow_style__hover=\u00bbnone\u00bb header_6_text_shadow_style__hover_enabled=\u00bbnone\u00bb header_6_text_shadow_color__hover=\u00bbrgba(0,0,0,0.4)\u00bb header_6_text_shadow_color__hover_enabled=\u00bbrgba(0,0,0,0.4)\u00bb]<\/p>\n<h1>67.13 m\u00b2<\/h1>\n<p>&nbsp;<\/p>\n<h2><span style=\"color: rgba(0, 0, 0, 0.7);\">un dormitorio<\/span><\/h2>\n<p>[\/et_pb_text][\/et_pb_column][\/et_pb_row][\/et_pb_section][et_pb_section fb_built=\u00bb1&#8243; admin_label=\u00bbDetails\u00bb _builder_version=\u00bb4.16&#8243; global_colors_info=\u00bb{}\u00bb][et_pb_row _builder_version=\u00bb4.25.2&#8243; custom_width_px__hover=\u00bb1080px\u00bb custom_width_px__hover_enabled=\u00bb1080px\u00bb custom_width_percent__hover=\u00bb80%\u00bb custom_width_percent__hover_enabled=\u00bb80%\u00bb locked=\u00bboff\u00bb global_colors_info=\u00bb{}\u00bb gutter_width__hover=\u00bb3&#8243; gutter_width__hover_enabled=\u00bb3&#8243; parallax_1__hover=\u00bboff\u00bb parallax_1__hover_enabled=\u00bboff\u00bb parallax_2__hover=\u00bboff\u00bb parallax_2__hover_enabled=\u00bboff\u00bb parallax_3__hover=\u00bboff\u00bb parallax_3__hover_enabled=\u00bboff\u00bb parallax_4__hover=\u00bboff\u00bb parallax_4__hover_enabled=\u00bboff\u00bb parallax_5__hover=\u00bboff\u00bb parallax_5__hover_enabled=\u00bboff\u00bb parallax_6__hover=\u00bboff\u00bb parallax_6__hover_enabled=\u00bboff\u00bb parallax_method_1__hover=\u00bbon\u00bb parallax_method_1__hover_enabled=\u00bbon\u00bb parallax_method_2__hover=\u00bbon\u00bb parallax_method_2__hover_enabled=\u00bbon\u00bb parallax_method_3__hover=\u00bbon\u00bb parallax_method_3__hover_enabled=\u00bbon\u00bb parallax_method_4__hover=\u00bbon\u00bb parallax_method_4__hover_enabled=\u00bbon\u00bb parallax_method_5__hover=\u00bbon\u00bb parallax_method_5__hover_enabled=\u00bbon\u00bb parallax_method_6__hover=\u00bbon\u00bb parallax_method_6__hover_enabled=\u00bbon\u00bb use_background_color_gradient__hover=\u00bboff\u00bb use_background_color_gradient__hover_enabled=\u00bboff\u00bb background_color_gradient_start__hover=\u00bb#2b87da\u00bb background_color_gradient_start__hover_enabled=\u00bb#2b87da\u00bb background_color_gradient_end__hover=\u00bb#29c4a9&#8243; background_color_gradient_end__hover_enabled=\u00bb#29c4a9&#8243; background_color_gradient_type__hover=\u00bblinear\u00bb background_color_gradient_type__hover_enabled=\u00bblinear\u00bb background_color_gradient_direction__hover=\u00bb180deg\u00bb background_color_gradient_direction__hover_enabled=\u00bb180deg\u00bb background_color_gradient_direction_radial__hover=\u00bbcenter\u00bb background_color_gradient_direction_radial__hover_enabled=\u00bbcenter\u00bb background_color_gradient_start_position__hover=\u00bb0%\u00bb background_color_gradient_start_position__hover_enabled=\u00bb0%\u00bb background_color_gradient_end_position__hover=\u00bb100%\u00bb background_color_gradient_end_position__hover_enabled=\u00bb100%\u00bb background_color_gradient_overlays_image__hover=\u00bboff\u00bb background_color_gradient_overlays_image__hover_enabled=\u00bboff\u00bb parallax__hover=\u00bboff\u00bb parallax__hover_enabled=\u00bboff\u00bb parallax_method__hover=\u00bbon\u00bb parallax_method__hover_enabled=\u00bbon\u00bb background_size__hover=\u00bbcover\u00bb background_size__hover_enabled=\u00bbcover\u00bb background_position__hover=\u00bbcenter\u00bb background_position__hover_enabled=\u00bbcenter\u00bb background_repeat__hover=\u00bbno-repeat\u00bb background_repeat__hover_enabled=\u00bbno-repeat\u00bb background_blend__hover=\u00bbnormal\u00bb background_blend__hover_enabled=\u00bbnormal\u00bb allow_player_pause__hover=\u00bboff\u00bb allow_player_pause__hover_enabled=\u00bboff\u00bb background_video_pause_outside_viewport__hover=\u00bbon\u00bb background_video_pause_outside_viewport__hover_enabled=\u00bbon\u00bb make_fullwidth__hover=\u00bboff\u00bb make_fullwidth__hover_enabled=\u00bboff\u00bb use_custom_width__hover=\u00bboff\u00bb use_custom_width__hover_enabled=\u00bboff\u00bb width_unit__hover=\u00bbon\u00bb width_unit__hover_enabled=\u00bbon\u00bb use_custom_gutter__hover=\u00bboff\u00bb use_custom_gutter__hover_enabled=\u00bboff\u00bb make_equal__hover=\u00bboff\u00bb make_equal__hover_enabled=\u00bboff\u00bb border_radii__hover=\u00bbon||||\u00bb border_radii__hover_enabled=\u00bbon||||\u00bb box_shadow_style__hover=\u00bbnone\u00bb box_shadow_style__hover_enabled=\u00bbnone\u00bb box_shadow_color__hover=\u00bbrgba(0,0,0,0.3)\u00bb box_shadow_color__hover_enabled=\u00bbrgba(0,0,0,0.3)\u00bb filter_hue_rotate__hover=\u00bb0deg\u00bb filter_hue_rotate__hover_enabled=\u00bb0deg\u00bb filter_saturate__hover=\u00bb100%\u00bb filter_saturate__hover_enabled=\u00bb100%\u00bb filter_brightness__hover=\u00bb100%\u00bb filter_brightness__hover_enabled=\u00bb100%\u00bb filter_contrast__hover=\u00bb100%\u00bb filter_contrast__hover_enabled=\u00bb100%\u00bb filter_invert__hover=\u00bb0%\u00bb filter_invert__hover_enabled=\u00bb0%\u00bb filter_sepia__hover=\u00bb0%\u00bb filter_sepia__hover_enabled=\u00bb0%\u00bb filter_opacity__hover=\u00bb100%\u00bb filter_opacity__hover_enabled=\u00bb100%\u00bb filter_blur__hover=\u00bb0px\u00bb filter_blur__hover_enabled=\u00bb0px\u00bb mix_blend_mode__hover=\u00bbnormal\u00bb mix_blend_mode__hover_enabled=\u00bbnormal\u00bb animation_style__hover=\u00bbnone\u00bb animation_style__hover_enabled=\u00bbnone\u00bb animation_repeat__hover=\u00bbonce\u00bb animation_repeat__hover_enabled=\u00bbonce\u00bb animation_direction__hover=\u00bbcenter\u00bb animation_direction__hover_enabled=\u00bbcenter\u00bb animation_duration__hover=\u00bb1000ms\u00bb animation_duration__hover_enabled=\u00bb1000ms\u00bb animation_delay__hover=\u00bb0ms\u00bb animation_delay__hover_enabled=\u00bb0ms\u00bb animation_intensity_slide__hover=\u00bb50%\u00bb animation_intensity_slide__hover_enabled=\u00bb50%\u00bb animation_intensity_zoom__hover=\u00bb50%\u00bb animation_intensity_zoom__hover_enabled=\u00bb50%\u00bb animation_intensity_flip__hover=\u00bb50%\u00bb animation_intensity_flip__hover_enabled=\u00bb50%\u00bb animation_intensity_fold__hover=\u00bb50%\u00bb animation_intensity_fold__hover_enabled=\u00bb50%\u00bb animation_intensity_roll__hover=\u00bb50%\u00bb animation_intensity_roll__hover_enabled=\u00bb50%\u00bb animation_starting_opacity__hover=\u00bb0%\u00bb animation_starting_opacity__hover_enabled=\u00bb0%\u00bb animation_speed_curve__hover=\u00bbease-in-out\u00bb animation_speed_curve__hover_enabled=\u00bbease-in-out\u00bb hover_transition_duration__hover=\u00bb300ms\u00bb hover_transition_duration__hover_enabled=\u00bb300ms\u00bb hover_transition_delay__hover=\u00bb0ms\u00bb hover_transition_delay__hover_enabled=\u00bb0ms\u00bb hover_transition_speed_curve__hover=\u00bbease\u00bb hover_transition_speed_curve__hover_enabled=\u00bbease\u00bb background_color_gradient_stops__hover=\u00bb#2b87da 0%|#29c4a9 100%\u00bb][et_pb_column type=\u00bb4_4&#8243; _builder_version=\u00bb4.16&#8243; custom_padding=\u00bb|||\u00bb global_colors_info=\u00bb{}\u00bb custom_padding__hover=\u00bb|||\u00bb][et_pb_blurb title=\u00bbRequisitos para la Adjudicaci\u00f3n de Viviendas adaptadas\u00bb use_icon=\u00bbon\u00bb content_max_width=\u00bb650px\u00bb _builder_version=\u00bb4.25.2&#8243; _module_preset=\u00bbdefault\u00bb header_level=\u00bbh3&#8243; header_font=\u00bb|600|||||||\u00bb header_text_color=\u00bb#7CDA24&#8243; body_ol_position=\u00bboutside\u00bb hover_enabled=\u00bb0&#8243; global_colors_info=\u00bb{}\u00bb sticky_enabled=\u00bb0&#8243;]<\/p>\n<p>&nbsp;<\/p>\n<p>Las viviendas calificadas para venta, uso propio o arrendamiento al amparo del Decreto 74\/2009, de 30 de julio, podr\u00e1n adjudicarse a las personas f\u00edsicas que cumplan los siguientes requisitos:<\/p>\n<ol>\n<li><strong><span style=\"color: #7cda24;\">Requisitos Personales<br \/><\/span><\/strong>Ser mayor de edad o menor emancipado y no encontrarse incapacitado para obligarse contractualmente.<br \/>Ser espa\u00f1ol o residente en Espa\u00f1a.<\/li>\n<li><strong><span style=\"color: #7cda24;\">Requisitos Econ\u00f3micos<\/span><\/strong><br \/>Tener unos ingresos familiares que no excedan de 5,5 veces el Indicador P\u00fablico de Renta de Efectos M\u00faltiples (IPREM) para las viviendas de precio b\u00e1sico (VPPB) y de 7,5 veces el IPREM para las viviendas de precio limitado (VPPL).<\/li>\n<li><span style=\"color: #7cda24;\"><strong>Requisitos Especiales<\/strong><\/span><br \/>Ostentar la condici\u00f3n de discapacitado o de familia numerosa, si se pretende acceder a una vivienda reservada a dicho colectivo.<\/li>\n<li><span style=\"color: #7cda24;\"><strong>Requisitos Patrimoniales<\/strong><\/span><br \/>Ninguno de los miembros de la unidad familiar puede ser titular del pleno dominio o de un derecho real de uso o disfrute sobre otra vivienda en todo el territorio nacional, salvo las excepciones contempladas en el art\u00edculo 3.3.3 del Decreto 74\/2009.<\/li>\n<\/ol>\n<p><span style=\"color: #7cda24;\"><strong>Proceso de Solicitud<\/strong><\/span><\/p>\n<p>Si cumple con estos requisitos y desea acceder al alquiler de nuestras viviendas, puede enviarnos la documentaci\u00f3n necesaria a <a href=\"mailto:alquileres@cohersanz.com\">alquileres@cohersanz.com<\/a> Los documentos requeridos son:<br \/>&#8211; Las 3 \u00faltimas n\u00f3minas.<br \/>&#8211; Declaraci\u00f3n de la Renta.<br \/>&#8211; DNI o NIE.<\/p>\n<p><span style=\"color: #7cda24;\"><strong>Contacto<\/strong><\/span><\/p>\n<p>Para m\u00e1s informaci\u00f3n, no dude en ponerse en contacto con nosotros a trav\u00e9s del correo electr\u00f3nico mencionado. Estaremos encantados de asistirle en su proceso de solicitud.<\/p>\n<ul><\/ul>\n<p>[\/et_pb_blurb][\/et_pb_column][\/et_pb_row][et_pb_row _builder_version=\u00bb4.16&#8243; custom_margin_tablet=\u00bb40px||40px||true\u00bb custom_margin_phone=\u00bb\u00bb custom_margin_last_edited=\u00bbon|tablet\u00bb locked=\u00bboff\u00bb global_colors_info=\u00bb{}\u00bb][et_pb_column type=\u00bb4_4&#8243; _builder_version=\u00bb4.16&#8243; custom_padding=\u00bb|||\u00bb global_colors_info=\u00bb{}\u00bb custom_padding__hover=\u00bb|||\u00bb][et_pb_button button_url=\u00bb@ET-DC@eyJkeW5hbWljIjp0cnVlLCJjb250ZW50IjoicG9zdF9saW5rX3VybF9wYWdlIiwic2V0dGluZ3MiOnsicG9zdF9pZCI6IjY4In19@\u00bb button_text=\u00bb\u00bfNecesitas m\u00e1s informaci\u00f3n?\u00bb button_alignment=\u00bbcenter\u00bb _builder_version=\u00bb4.16&#8243; _dynamic_attributes=\u00bbbutton_url\u00bb custom_button=\u00bbon\u00bb button_text_size=\u00bb15px\u00bb button_text_color=\u00bb#ffffff\u00bb button_bg_color=\u00bb#0492ff\u00bb button_border_width=\u00bb16px\u00bb button_border_color=\u00bbrgba(0,0,0,0)\u00bb button_border_radius=\u00bb100px\u00bb button_letter_spacing=\u00bb2px\u00bb button_font=\u00bbPoppins|700||on|||||\u00bb box_shadow_style=\u00bbpreset3&#8243; box_shadow_vertical=\u00bb20px\u00bb box_shadow_blur=\u00bb80px\u00bb box_shadow_spread=\u00bb-20px\u00bb locked=\u00bboff\u00bb global_colors_info=\u00bb{}\u00bb][\/et_pb_button][\/et_pb_column][\/et_pb_row][\/et_pb_section][et_pb_section fb_built=\u00bb1&#8243; prev_background_color=\u00bb#ffffff\u00bb admin_label=\u00bbFooter\u00bb _builder_version=\u00bb4.16&#8243; use_background_color_gradient=\u00bbon\u00bb background_color_gradient_direction=\u00bb147deg\u00bb background_color_gradient_stops=\u00bb#0f1533 0%|#1f133a 100%\u00bb background_color_gradient_start=\u00bb#0f1533&#8243; background_color_gradient_end=\u00bb#1f133a\u00bb background_image=\u00bbhttps:\/\/cohersanz.com\/getafe\/wp-content\/uploads\/2019\/10\/isp-08.png\u00bb parallax=\u00bbon\u00bb max_width=\u00bb90%\u00bb max_width_tablet=\u00bb\u00bb max_width_phone=\u00bb\u00bb max_width_last_edited=\u00bbon|desktop\u00bb module_alignment=\u00bbcenter\u00bb custom_margin=\u00bb||5vw\u00bb custom_padding=\u00bb14vw||10vw\u00bb top_divider_style=\u00bbwave2&#8243; top_divider_height=\u00bb10vw\u00bb top_divider_repeat=\u00bb0.7x\u00bb top_divider_flip=\u00bbvertical\u00bb animation_style=\u00bbfade\u00bb border_radii=\u00bb|||30px|30px\u00bb locked=\u00bboff\u00bb global_colors_info=\u00bb{}\u00bb][et_pb_row module_class=\u00bb et_pb_row_fullwidth\u00bb _builder_version=\u00bb4.16&#8243; width=\u00bb89%\u00bb width_tablet=\u00bb80%\u00bb width_phone=\u00bb\u00bb width_last_edited=\u00bbon|desktop\u00bb max_width=\u00bb89%\u00bb max_width_tablet=\u00bb80%\u00bb max_width_phone=\u00bb\u00bb max_width_last_edited=\u00bbon|desktop\u00bb make_fullwidth=\u00bbon\u00bb global_colors_info=\u00bb{}\u00bb][et_pb_column type=\u00bb4_4&#8243; _builder_version=\u00bb4.16&#8243; custom_padding=\u00bb|||\u00bb global_colors_info=\u00bb{}\u00bb custom_padding__hover=\u00bb|||\u00bb][et_pb_text _builder_version=\u00bb4.16&#8243; text_font=\u00bb||||||||\u00bb header_2_font=\u00bbPoppins|900|on||||||\u00bb header_2_font_size=\u00bb5vw\u00bb header_2_letter_spacing=\u00bb2px\u00bb header_2_line_height=\u00bb1.4em\u00bb header_3_font=\u00bbPoppins|900|on|on|||||\u00bb header_3_text_color=\u00bbrgba(255,255,255,0.7)\u00bb header_3_font_size=\u00bb1.5vw\u00bb header_3_letter_spacing=\u00bb0.8em\u00bb header_3_line_height=\u00bb1.4em\u00bb text_orientation=\u00bbcenter\u00bb background_layout=\u00bbdark\u00bb global_colors_info=\u00bb{}\u00bb header_3_font_size__hover=\u00bb22px\u00bb header_3_font_size__hover_enabled=\u00bb22px\u00bb header_3_letter_spacing__hover=\u00bb0px\u00bb header_3_letter_spacing__hover_enabled=\u00bb0px\u00bb header_3_line_height__hover=\u00bb1em\u00bb header_3_line_height__hover_enabled=\u00bb1em\u00bb header_3_text_shadow_style__hover=\u00bbnone\u00bb header_3_text_shadow_style__hover_enabled=\u00bbnone\u00bb header_3_text_shadow_color__hover=\u00bbrgba(0,0,0,0.4)\u00bb header_3_text_shadow_color__hover_enabled=\u00bbrgba(0,0,0,0.4)\u00bb header_4_font_size__hover=\u00bb18px\u00bb header_4_font_size__hover_enabled=\u00bb18px\u00bb header_4_letter_spacing__hover=\u00bb0px\u00bb header_4_letter_spacing__hover_enabled=\u00bb0px\u00bb header_4_line_height__hover=\u00bb1em\u00bb header_4_line_height__hover_enabled=\u00bb1em\u00bb header_4_text_shadow_style__hover=\u00bbnone\u00bb header_4_text_shadow_style__hover_enabled=\u00bbnone\u00bb header_4_text_shadow_color__hover=\u00bbrgba(0,0,0,0.4)\u00bb header_4_text_shadow_color__hover_enabled=\u00bbrgba(0,0,0,0.4)\u00bb header_5_font_size__hover=\u00bb16px\u00bb header_5_font_size__hover_enabled=\u00bb16px\u00bb header_5_letter_spacing__hover=\u00bb0px\u00bb header_5_letter_spacing__hover_enabled=\u00bb0px\u00bb header_5_line_height__hover=\u00bb1em\u00bb header_5_line_height__hover_enabled=\u00bb1em\u00bb header_5_text_shadow_style__hover=\u00bbnone\u00bb header_5_text_shadow_style__hover_enabled=\u00bbnone\u00bb header_5_text_shadow_color__hover=\u00bbrgba(0,0,0,0.4)\u00bb header_5_text_shadow_color__hover_enabled=\u00bbrgba(0,0,0,0.4)\u00bb header_6_font_size__hover=\u00bb14px\u00bb header_6_font_size__hover_enabled=\u00bb14px\u00bb header_6_letter_spacing__hover=\u00bb0px\u00bb header_6_letter_spacing__hover_enabled=\u00bb0px\u00bb header_6_line_height__hover=\u00bb1em\u00bb header_6_line_height__hover_enabled=\u00bb1em\u00bb header_6_text_shadow_style__hover=\u00bbnone\u00bb header_6_text_shadow_style__hover_enabled=\u00bbnone\u00bb header_6_text_shadow_color__hover=\u00bbrgba(0,0,0,0.4)\u00bb header_6_text_shadow_color__hover_enabled=\u00bbrgba(0,0,0,0.4)\u00bb header_font_size__hover=\u00bb30px\u00bb header_font_size__hover_enabled=\u00bb30px\u00bb header_letter_spacing__hover=\u00bb0px\u00bb header_letter_spacing__hover_enabled=\u00bb0px\u00bb header_text_shadow_style__hover=\u00bbnone\u00bb header_text_shadow_style__hover_enabled=\u00bbnone\u00bb header_text_shadow_color__hover=\u00bbrgba(0,0,0,0.4)\u00bb header_text_shadow_color__hover_enabled=\u00bbrgba(0,0,0,0.4)\u00bb]<\/p>\n<h2>Encuentra el piso que sue\u00f1as al precio que deseas<\/h2>\n<h3>1, 2 o 3 dormitorios<\/h3>\n<p>[\/et_pb_text][et_pb_button button_url=\u00bb@ET-DC@eyJkeW5hbWljIjp0cnVlLCJjb250ZW50IjoicG9zdF9saW5rX3VybF9wYWdlIiwic2V0dGluZ3MiOnsicG9zdF9pZCI6Ijc0In19@\u00bb button_text=\u00bbVer todos los tipos\u00bb button_alignment=\u00bbcenter\u00bb _builder_version=\u00bb4.16&#8243; _dynamic_attributes=\u00bbbutton_url\u00bb custom_button=\u00bbon\u00bb button_text_size=\u00bb15px\u00bb button_text_color=\u00bb#ffffff\u00bb button_bg_color=\u00bb#0492ff\u00bb button_border_width=\u00bb16px\u00bb button_border_color=\u00bbrgba(0,0,0,0)\u00bb button_border_radius=\u00bb100px\u00bb button_letter_spacing=\u00bb2px\u00bb button_font=\u00bbPoppins|700||on|||||\u00bb box_shadow_style=\u00bbpreset3&#8243; box_shadow_vertical=\u00bb20px\u00bb box_shadow_blur=\u00bb80px\u00bb box_shadow_spread=\u00bb-20px\u00bb locked=\u00bboff\u00bb global_colors_info=\u00bb{}\u00bb][\/et_pb_button][\/et_pb_column][\/et_pb_row][\/et_pb_section]<\/p>\n","protected":false},"excerpt":{"rendered":"<p>67.13 m\u00b2 &nbsp; un dormitorio&nbsp; Las viviendas calificadas para venta, uso propio o arrendamiento al amparo del Decreto 74\/2009, de 30 de julio, podr\u00e1n adjudicarse a las personas f\u00edsicas que cumplan los siguientes requisitos: Requisitos PersonalesSer mayor de edad o menor emancipado y no encontrarse incapacitado para obligarse contractualmente.Ser espa\u00f1ol o residente en Espa\u00f1a. Requisitos [&hellip;]<\/p>\n","protected":false},"author":1,"featured_media":0,"parent":0,"menu_order":0,"comment_status":"closed","ping_status":"closed","template":"","meta":{"_et_pb_use_builder":"on","_et_pb_old_content":"","_et_gb_content_width":"","footnotes":""},"class_list":["post-287","page","type-page","status-publish","hentry"],"_links":{"self":[{"href":"https:\/\/cohersanz.com\/getafe\/index.php\/wp-json\/wp\/v2\/pages\/287","targetHints":{"allow":["GET"]}}],"collection":[{"href":"https:\/\/cohersanz.com\/getafe\/index.php\/wp-json\/wp\/v2\/pages"}],"about":[{"href":"https:\/\/cohersanz.com\/getafe\/index.php\/wp-json\/wp\/v2\/types\/page"}],"author":[{"embeddable":true,"href":"https:\/\/cohersanz.com\/getafe\/index.php\/wp-json\/wp\/v2\/users\/1"}],"replies":[{"embeddable":true,"href":"https:\/\/cohersanz.com\/getafe\/index.php\/wp-json\/wp\/v2\/comments?post=287"}],"version-history":[{"count":8,"href":"https:\/\/cohersanz.com\/getafe\/index.php\/wp-json\/wp\/v2\/pages\/287\/revisions"}],"predecessor-version":[{"id":304,"href":"https:\/\/cohersanz.com\/getafe\/index.php\/wp-json\/wp\/v2\/pages\/287\/revisions\/304"}],"wp:attachment":[{"href":"https:\/\/cohersanz.com\/getafe\/index.php\/wp-json\/wp\/v2\/media?parent=287"}],"curies":[{"name":"wp","href":"https:\/\/api.w.org\/{rel}","templated":true}]}}